{"id":762,"date":"2023-05-29T10:52:07","date_gmt":"2023-05-29T10:52:07","guid":{"rendered":"https:\/\/www.ltechslovakia.com\/jobberbjudanden\/"},"modified":"2026-02-24T14:42:03","modified_gmt":"2026-02-24T14:42:03","slug":"jobberbjudanden","status":"publish","type":"page","link":"https:\/\/www.ltechslovakia.com\/sv\/jobberbjudanden\/","title":{"rendered":"Jobberbjudanden"},"content":{"rendered":"<div id=\"pl-762\"  class=\"panel-layout\" ><div id=\"pg-762-0\"  class=\"panel-grid panel-no-style\" ><div id=\"pgc-762-0-0\"  class=\"panel-grid-cell\" ><div id=\"panel-762-0-0-0\" class=\"so-panel widget widget_sow-image panel-first-child panel-last-child\" data-index=\"0\" ><div\n\t\t\t\n\t\t\tclass=\"so-widget-sow-image so-widget-sow-image-default-8b5b6f678277-762\"\n\t\t\t\n\t\t>\n\n<div class=\"sow-image-container\">\n\t\t<img decoding=\"async\" src=\"https:\/\/www.ltechslovakia.com\/wp-content\/uploads\/2026\/02\/IMG_9438_square.jpg\" width=\"1110\" height=\"1109\" srcset=\"https:\/\/www.ltechslovakia.com\/wp-content\/uploads\/2026\/02\/IMG_9438_square.jpg 1110w, https:\/\/www.ltechslovakia.com\/wp-content\/uploads\/2026\/02\/IMG_9438_square-300x300.jpg 300w, https:\/\/www.ltechslovakia.com\/wp-content\/uploads\/2026\/02\/IMG_9438_square-1024x1024.jpg 1024w, https:\/\/www.ltechslovakia.com\/wp-content\/uploads\/2026\/02\/IMG_9438_square-150x150.jpg 150w, https:\/\/www.ltechslovakia.com\/wp-content\/uploads\/2026\/02\/IMG_9438_square-768x767.jpg 768w, https:\/\/www.ltechslovakia.com\/wp-content\/uploads\/2026\/02\/IMG_9438_square-480x480.jpg 480w, https:\/\/www.ltechslovakia.com\/wp-content\/uploads\/2026\/02\/IMG_9438_square-992x991.jpg 992w\" sizes=\"auto, (max-width: 1110px) 100vw, 1110px\" alt=\"\" loading=\"lazy\" \t\tclass=\"so-widget-image\"\/>\n\t<\/div>\n\n<\/div><\/div><\/div><div id=\"pgc-762-0-1\"  class=\"panel-grid-cell\" ><div id=\"panel-762-0-1-0\" class=\"so-panel widget widget_sow-editor panel-first-child\" data-index=\"1\" ><div\n\t\t\t\n\t\t\tclass=\"so-widget-sow-editor so-widget-sow-editor-base\"\n\t\t\t\n\t\t>\n<div class=\"siteorigin-widget-tinymce textwidget\">\n\t<div class=\"attribute-list-item-container\">\n<div class=\"value\">Kvalificerade svetsare<\/div>\n<div class=\"label\">Vi s\u00f6ker erfarna och kvalificerade svetsare (MMA \/ TIG \/ MAG) som vill bli en del av v\u00e5rt team och arbeta med internationella industriprojekt.<br \/>\nVi erbjuder m\u00f6jligheten att delta i tekniskt kr\u00e4vande uppdrag i en professionell och s\u00e4ker arbetsmilj\u00f6, med fokus p\u00e5 kvalitet, samarbete och l\u00e5ngsiktig utveckling.<\/div>\n<\/p>\n<\/div>\n<\/div>\n<\/div><\/div><div id=\"panel-762-0-1-1\" class=\"so-panel widget widget_sow-editor\" data-index=\"2\" ><div\n\t\t\t\n\t\t\tclass=\"so-widget-sow-editor so-widget-sow-editor-base\"\n\t\t\t\n\t\t>\n<div class=\"siteorigin-widget-tinymce textwidget\">\n\t<h4 style=\"margin-bottom: 0;\">Erfarenhet och kvalifikationer<\/h4>\n<p style=\"margin-top: 10px;\">\n<p>\u2022 Giltiga svetscertifikat (MMA 111, TIG 141, MAG 135)<br \/>\n                                    \u2022 Erfarenhet av industriella installationer och r\u00f6rsystem<br \/>\n                                    \u2022 F\u00f6rm\u00e5ga att l\u00e4sa och tolka tekniska ritningar \u00e4r meriterande<br \/>\n                                    \u2022 P\u00e5litlighet, noggrannhet och stark arbetsmoral<br \/>\n                                    \u2022 Beredskap att arbeta p\u00e5 projekt runt om i Europa<\/p>\n<\/div>\n<\/div><\/div><div id=\"panel-762-0-1-2\" class=\"so-panel widget widget_sow-editor panel-last-child\" data-index=\"3\" ><div class=\"panel-widget-style panel-widget-style-for-762-0-1-2\" ><div\n\t\t\t\n\t\t\tclass=\"so-widget-sow-editor so-widget-sow-editor-base\"\n\t\t\t\n\t\t>\n<div class=\"siteorigin-widget-tinymce textwidget\">\n\t<p><a href=\"#contact\" title=\"\" class=\"button button-has-icon\">Jag \u00e4r intresserad<span class=\"icon-dot\"><\/span><\/a><\/p>\n<\/div>\n<\/div><\/div><\/div><\/div><\/div><div id=\"pg-762-1\"  class=\"panel-grid panel-no-style\" ><div id=\"pgc-762-1-0\"  class=\"panel-grid-cell\" ><div id=\"panel-762-1-0-0\" class=\"so-panel widget widget_sow-image panel-first-child panel-last-child\" data-index=\"4\" ><div\n\t\t\t\n\t\t\tclass=\"so-widget-sow-image so-widget-sow-image-default-8b5b6f678277-762\"\n\t\t\t\n\t\t>\n\n<div class=\"sow-image-container\">\n\t\t<img decoding=\"async\" src=\"https:\/\/www.ltechslovakia.com\/wp-content\/uploads\/2026\/02\/a73aafee-022f-49c2-9215-fd741bceb18a.png\" width=\"1024\" height=\"1024\" srcset=\"https:\/\/www.ltechslovakia.com\/wp-content\/uploads\/2026\/02\/a73aafee-022f-49c2-9215-fd741bceb18a.png 1024w, https:\/\/www.ltechslovakia.com\/wp-content\/uploads\/2026\/02\/a73aafee-022f-49c2-9215-fd741bceb18a-300x300.png 300w, https:\/\/www.ltechslovakia.com\/wp-content\/uploads\/2026\/02\/a73aafee-022f-49c2-9215-fd741bceb18a-150x150.png 150w, https:\/\/www.ltechslovakia.com\/wp-content\/uploads\/2026\/02\/a73aafee-022f-49c2-9215-fd741bceb18a-768x768.png 768w, https:\/\/www.ltechslovakia.com\/wp-content\/uploads\/2026\/02\/a73aafee-022f-49c2-9215-fd741bceb18a-480x480.png 480w, https:\/\/www.ltechslovakia.com\/wp-content\/uploads\/2026\/02\/a73aafee-022f-49c2-9215-fd741bceb18a-992x992.png 992w\" sizes=\"auto, (max-width: 1024px) 100vw, 1024px\" alt=\"\" loading=\"lazy\" \t\tclass=\"so-widget-image\"\/>\n\t<\/div>\n\n<\/div><\/div><\/div><div id=\"pgc-762-1-1\"  class=\"panel-grid-cell\" ><div id=\"panel-762-1-1-0\" class=\"so-panel widget widget_sow-editor panel-first-child\" data-index=\"5\" ><div\n\t\t\t\n\t\t\tclass=\"so-widget-sow-editor so-widget-sow-editor-base\"\n\t\t\t\n\t\t>\n<div class=\"siteorigin-widget-tinymce textwidget\">\n\t<div class=\"attribute-list-item-container\">\n<div class=\"value\">Erfarna r\u00f6rmont\u00f6rer<\/div>\n<div class=\"label\">Vi s\u00f6ker skickliga r\u00f6rmont\u00f6rer f\u00f6r arbete med installation av industriella r\u00f6rsystem och sprinklersystem runt om i Europa.<br \/>\nDu blir en del av ett professionellt team som arbetar med tekniskt kr\u00e4vande projekt inom industri och infrastruktur, med fokus p\u00e5 kvalitet, s\u00e4kerhet och effektivt genomf\u00f6rande.<\/div>\n<\/p>\n<\/div>\n<\/div>\n<\/div><\/div><div id=\"panel-762-1-1-1\" class=\"so-panel widget widget_sow-editor\" data-index=\"6\" ><div\n\t\t\t\n\t\t\tclass=\"so-widget-sow-editor so-widget-sow-editor-base\"\n\t\t\t\n\t\t>\n<div class=\"siteorigin-widget-tinymce textwidget\">\n\t<h4 style=\"margin-bottom: 0;\">  Erfarenhet och kvalifikationer<\/h4>\n<p style=\"margin-top: 10px;\">\u2022 Erfarenhet av installation av r\u00f6rsystem<br \/>\n                             \u2022 F\u00f6rm\u00e5ga att l\u00e4sa och tolka tekniska ritningar samt isometriska ritningar<br \/>\n                             \u2022 Kunskap om industriella r\u00f6rsystem och sprinklersystem \u00e4r meriterande<br \/>\n                             \u2022 Noggrannhet och ansvarstagande i utf\u00f6randet<br \/>\n                             \u2022 Beredskap att resa i samband med projektuppdrag<\/p>\n<\/div>\n<\/div><\/div><div id=\"panel-762-1-1-2\" class=\"so-panel widget widget_sow-editor panel-last-child\" data-index=\"7\" ><div class=\"panel-widget-style panel-widget-style-for-762-1-1-2\" ><div\n\t\t\t\n\t\t\tclass=\"so-widget-sow-editor so-widget-sow-editor-base\"\n\t\t\t\n\t\t>\n<div class=\"siteorigin-widget-tinymce textwidget\">\n\t<p><a href=\"#contact\" title=\"\" class=\"button button-has-icon\">Jag \u00e4r intresserad<span class=\"icon-dot\"><\/span><\/a><\/p>\n<\/div>\n<\/div><\/div><\/div><\/div><\/div><div id=\"pg-762-2\"  class=\"panel-grid panel-no-style\" ><div id=\"pgc-762-2-0\"  class=\"panel-grid-cell\" ><div id=\"panel-762-2-0-0\" class=\"so-panel widget widget_sow-image panel-first-child panel-last-child\" data-index=\"8\" ><div\n\t\t\t\n\t\t\tclass=\"so-widget-sow-image so-widget-sow-image-default-8b5b6f678277-762\"\n\t\t\t\n\t\t>\n\n<div class=\"sow-image-container\">\n\t\t<img decoding=\"async\" src=\"https:\/\/www.ltechslovakia.com\/wp-content\/uploads\/2026\/02\/d05f5dd1-4531-4f2c-8607-8d356e42efbc.png\" width=\"1024\" height=\"1024\" srcset=\"https:\/\/www.ltechslovakia.com\/wp-content\/uploads\/2026\/02\/d05f5dd1-4531-4f2c-8607-8d356e42efbc.png 1024w, https:\/\/www.ltechslovakia.com\/wp-content\/uploads\/2026\/02\/d05f5dd1-4531-4f2c-8607-8d356e42efbc-300x300.png 300w, https:\/\/www.ltechslovakia.com\/wp-content\/uploads\/2026\/02\/d05f5dd1-4531-4f2c-8607-8d356e42efbc-150x150.png 150w, https:\/\/www.ltechslovakia.com\/wp-content\/uploads\/2026\/02\/d05f5dd1-4531-4f2c-8607-8d356e42efbc-768x768.png 768w, https:\/\/www.ltechslovakia.com\/wp-content\/uploads\/2026\/02\/d05f5dd1-4531-4f2c-8607-8d356e42efbc-480x480.png 480w, https:\/\/www.ltechslovakia.com\/wp-content\/uploads\/2026\/02\/d05f5dd1-4531-4f2c-8607-8d356e42efbc-992x992.png 992w\" sizes=\"auto, (max-width: 1024px) 100vw, 1024px\" alt=\"\" loading=\"lazy\" \t\tclass=\"so-widget-image\"\/>\n\t<\/div>\n\n<\/div><\/div><\/div><div id=\"pgc-762-2-1\"  class=\"panel-grid-cell\" ><div id=\"panel-762-2-1-0\" class=\"so-panel widget widget_sow-editor panel-first-child\" data-index=\"9\" ><div\n\t\t\t\n\t\t\tclass=\"so-widget-sow-editor so-widget-sow-editor-base\"\n\t\t\t\n\t\t>\n<div class=\"siteorigin-widget-tinymce textwidget\">\n\t<div class=\"attribute-list-item-container\">\n<div class=\"value\">Mekanisk mont\u00f6r \/ Installationstekniker (sprinkler)<\/div>\n<div class=\"label\">Vi s\u00f6ker erfarna mekaniska mont\u00f6rer och installationstekniker f\u00f6r arbete inom industri, r\u00f6rsystem, st\u00e5lkonstruktioner, maskininstallationer och brandskyddssystem runt om i Europa.<br \/>\nDu blir en del av ett professionellt team som arbetar med tekniskt avancerade projekt, d\u00e4r kvalitet, s\u00e4kerhet och effektivt genomf\u00f6rande st\u00e5r i fokus.<\/div>\n<\/p>\n<\/div>\n<\/div>\n<\/div><\/div><div id=\"panel-762-2-1-1\" class=\"so-panel widget widget_sow-editor\" data-index=\"10\" ><div\n\t\t\t\n\t\t\tclass=\"so-widget-sow-editor so-widget-sow-editor-base\"\n\t\t\t\n\t\t>\n<div class=\"siteorigin-widget-tinymce textwidget\">\n\t<h4 style=\"margin-bottom: 0;\">Erfarenhet och kvalifikationer<\/h4>\n<p style=\"margin-top: 10px;\">\u2022 Erfarenhet av mekaniskt montage och industriella installationer<br \/>\n                             \u2022 F\u00f6rm\u00e5ga att installera r\u00f6rsystem, st\u00e5lkonstruktioner och mekanisk utrustning<br \/>\n                             \u2022 Erfarenhet av installation av sprinklersystem \u00e4r meriterande<br \/>\n                             \u2022 God teknisk kompetens och noggrannhet i arbetet<br \/>\n                             \u2022 Beredskap att arbeta p\u00e5 internationella projektuppdrag<\/p>\n<\/div>\n<\/div><\/div><div id=\"panel-762-2-1-2\" class=\"so-panel widget widget_sow-editor panel-last-child\" data-index=\"11\" ><div class=\"panel-widget-style panel-widget-style-for-762-2-1-2\" ><div\n\t\t\t\n\t\t\tclass=\"so-widget-sow-editor so-widget-sow-editor-base\"\n\t\t\t\n\t\t>\n<div class=\"siteorigin-widget-tinymce textwidget\">\n\t<p><a href=\"#contact\" title=\"\" class=\"button button-has-icon\">Jag \u00e4r intresserad<span class=\"icon-dot\"><\/span><\/a><\/p>\n<\/div>\n<\/div><\/div><\/div><\/div><\/div><div id=\"pg-762-3\"  class=\"panel-grid panel-has-style\" ><div class=\"panel-row-style panel-row-style-for-762-3\" ><div id=\"pgc-762-3-0\"  class=\"panel-grid-cell panel-grid-cell-empty\" ><\/div><div id=\"pgc-762-3-1\"  class=\"panel-grid-cell panel-grid-cell-mobile-last\" ><div id=\"panel-762-3-1-0\" class=\"so-panel widget widget_sow-editor panel-first-child panel-last-child\" data-index=\"12\" ><div\n\t\t\t\n\t\t\tclass=\"so-widget-sow-editor so-widget-sow-editor-base\"\n\t\t\t\n\t\t>\n<div class=\"siteorigin-widget-tinymce textwidget\">\n\t<p style=\"text-align: center;\">F\u00f6r mer information kontakta oss p\u00e5 <a href=\"mailto: marieta.povodova@ltechslovakia.sk\"> marieta.povodova@ltechslovakia.sk<\/a><br \/>\neller p\u00e5 tel.: <a href=\"tel: +421 904 861 815\"> +421 904 861 815<\/a><\/p>\n<\/div>\n<\/div><\/div><\/div><div id=\"pgc-762-3-2\"  class=\"panel-grid-cell panel-grid-cell-empty\" ><\/div><\/div><\/div><\/div>","protected":false},"excerpt":{"rendered":"<p>Kvalificerade svetsare Vi s\u00f6ker erfarna och kvalificerade svetsare (MMA \/ TIG \/ MAG) som vill bli en del av v\u00e5rt team och arbeta med internationella industriprojekt. Vi erbjuder m\u00f6jligheten att delta i tekniskt kr\u00e4vande uppdrag i en professionell och s\u00e4ker arbetsmilj\u00f6, med fokus p\u00e5 kvalitet, samarbete och l\u00e5ngsiktig utveckling. Erfarenhet och kvalifikationer \u2022 Giltiga svetscertifikat [&hellip;]<\/p>\n","protected":false},"author":3,"featured_media":959,"parent":0,"menu_order":0,"comment_status":"closed","ping_status":"closed","template":"","meta":{"footnotes":""},"class_list":["post-762","page","type-page","status-publish","has-post-thumbnail","hentry"],"acf":[],"yoast_head":"<!-- This site is optimized with the Yoast SEO plugin v21.9 - https:\/\/yoast.com\/wordpress\/plugins\/seo\/ -->\n<title>Jobberbjudanden - L.TECH Slovakia<\/title>\n<meta name=\"robots\" content=\"index, follow, max-snippet:-1, max-image-preview:large, max-video-preview:-1\" \/>\n<link rel=\"canonical\" href=\"https:\/\/www.ltechslovakia.com\/sv\/jobberbjudanden\/\" \/>\n<meta property=\"og:locale\" content=\"sv_SE\" \/>\n<meta property=\"og:type\" content=\"article\" \/>\n<meta property=\"og:title\" content=\"Jobberbjudanden - L.TECH Slovakia\" \/>\n<meta property=\"og:description\" content=\"Kvalificerade svetsare Vi s\u00f6ker erfarna och kvalificerade svetsare (MMA \/ TIG \/ MAG) som vill bli en del av v\u00e5rt team och arbeta med internationella industriprojekt. Vi erbjuder m\u00f6jligheten att delta i tekniskt kr\u00e4vande uppdrag i en professionell och s\u00e4ker arbetsmilj\u00f6, med fokus p\u00e5 kvalitet, samarbete och l\u00e5ngsiktig utveckling. Erfarenhet och kvalifikationer \u2022 Giltiga svetscertifikat [&hellip;]\" \/>\n<meta property=\"og:url\" content=\"https:\/\/www.ltechslovakia.com\/sv\/jobberbjudanden\/\" \/>\n<meta property=\"og:site_name\" content=\"L.TECH Slovakia\" \/>\n<meta property=\"article:publisher\" content=\"https:\/\/www.facebook.com\/ltechSK\/\" \/>\n<meta property=\"article:modified_time\" content=\"2026-02-24T14:42:03+00:00\" \/>\n<meta property=\"og:image\" content=\"https:\/\/www.ltechslovakia.com\/wp-content\/uploads\/2023\/08\/pracovne-ponuky-1024x658.jpg\" \/>\n\t<meta property=\"og:image:width\" content=\"1024\" \/>\n\t<meta property=\"og:image:height\" content=\"658\" \/>\n\t<meta property=\"og:image:type\" content=\"image\/jpeg\" \/>\n<meta name=\"twitter:card\" content=\"summary_large_image\" \/>\n<meta name=\"twitter:label1\" content=\"Ber\u00e4knad l\u00e4stid\" \/>\n\t<meta name=\"twitter:data1\" content=\"3 minuter\" \/>\n<script type=\"application\/ld+json\" class=\"yoast-schema-graph\">{\"@context\":\"https:\/\/schema.org\",\"@graph\":[{\"@type\":\"WebPage\",\"@id\":\"https:\/\/www.ltechslovakia.com\/sv\/jobberbjudanden\/\",\"url\":\"https:\/\/www.ltechslovakia.com\/sv\/jobberbjudanden\/\",\"name\":\"Jobberbjudanden - L.TECH Slovakia\",\"isPartOf\":{\"@id\":\"https:\/\/www.ltechslovakia.com\/sv\/#website\"},\"datePublished\":\"2023-05-29T10:52:07+00:00\",\"dateModified\":\"2026-02-24T14:42:03+00:00\",\"breadcrumb\":{\"@id\":\"https:\/\/www.ltechslovakia.com\/sv\/jobberbjudanden\/#breadcrumb\"},\"inLanguage\":\"sv-SE\",\"potentialAction\":[{\"@type\":\"ReadAction\",\"target\":[\"https:\/\/www.ltechslovakia.com\/sv\/jobberbjudanden\/\"]}]},{\"@type\":\"BreadcrumbList\",\"@id\":\"https:\/\/www.ltechslovakia.com\/sv\/jobberbjudanden\/#breadcrumb\",\"itemListElement\":[{\"@type\":\"ListItem\",\"position\":1,\"name\":\"Home\",\"item\":\"https:\/\/www.ltechslovakia.com\/sv\/\"},{\"@type\":\"ListItem\",\"position\":2,\"name\":\"Jobberbjudanden\"}]},{\"@type\":\"WebSite\",\"@id\":\"https:\/\/www.ltechslovakia.com\/sv\/#website\",\"url\":\"https:\/\/www.ltechslovakia.com\/sv\/\",\"name\":\"L.TECH Slovakia s.r.o.\",\"description\":\"\",\"publisher\":{\"@id\":\"https:\/\/www.ltechslovakia.com\/sv\/#organization\"},\"potentialAction\":[{\"@type\":\"SearchAction\",\"target\":{\"@type\":\"EntryPoint\",\"urlTemplate\":\"https:\/\/www.ltechslovakia.com\/sv\/?s={search_term_string}\"},\"query-input\":\"required name=search_term_string\"}],\"inLanguage\":\"sv-SE\"},{\"@type\":\"Organization\",\"@id\":\"https:\/\/www.ltechslovakia.com\/sv\/#organization\",\"name\":\"L.TECH Slovakia s.r.o.\",\"url\":\"https:\/\/www.ltechslovakia.com\/sv\/\",\"logo\":{\"@type\":\"ImageObject\",\"inLanguage\":\"sv-SE\",\"@id\":\"https:\/\/www.ltechslovakia.com\/sv\/#\/schema\/logo\/image\/\",\"url\":\"https:\/\/www.ltechslovakia.com\/wp-content\/uploads\/2023\/07\/Screenshot-2023-07-24-at-11.19.17.jpg\",\"contentUrl\":\"https:\/\/www.ltechslovakia.com\/wp-content\/uploads\/2023\/07\/Screenshot-2023-07-24-at-11.19.17.jpg\",\"width\":1038,\"height\":260,\"caption\":\"L.TECH Slovakia s.r.o.\"},\"image\":{\"@id\":\"https:\/\/www.ltechslovakia.com\/sv\/#\/schema\/logo\/image\/\"},\"sameAs\":[\"https:\/\/www.facebook.com\/ltechSK\/\"]}]}<\/script>\n<!-- \/ Yoast SEO plugin. -->","yoast_head_json":{"title":"Jobberbjudanden - L.TECH Slovakia","robots":{"index":"index","follow":"follow","max-snippet":"max-snippet:-1","max-image-preview":"max-image-preview:large","max-video-preview":"max-video-preview:-1"},"canonical":"https:\/\/www.ltechslovakia.com\/sv\/jobberbjudanden\/","og_locale":"sv_SE","og_type":"article","og_title":"Jobberbjudanden - L.TECH Slovakia","og_description":"Kvalificerade svetsare Vi s\u00f6ker erfarna och kvalificerade svetsare (MMA \/ TIG \/ MAG) som vill bli en del av v\u00e5rt team och arbeta med internationella industriprojekt. Vi erbjuder m\u00f6jligheten att delta i tekniskt kr\u00e4vande uppdrag i en professionell och s\u00e4ker arbetsmilj\u00f6, med fokus p\u00e5 kvalitet, samarbete och l\u00e5ngsiktig utveckling. Erfarenhet och kvalifikationer \u2022 Giltiga svetscertifikat [&hellip;]","og_url":"https:\/\/www.ltechslovakia.com\/sv\/jobberbjudanden\/","og_site_name":"L.TECH Slovakia","article_publisher":"https:\/\/www.facebook.com\/ltechSK\/","article_modified_time":"2026-02-24T14:42:03+00:00","og_image":[{"width":1024,"height":658,"url":"https:\/\/www.ltechslovakia.com\/wp-content\/uploads\/2023\/08\/pracovne-ponuky-1024x658.jpg","type":"image\/jpeg"}],"twitter_card":"summary_large_image","twitter_misc":{"Ber\u00e4knad l\u00e4stid":"3 minuter"},"schema":{"@context":"https:\/\/schema.org","@graph":[{"@type":"WebPage","@id":"https:\/\/www.ltechslovakia.com\/sv\/jobberbjudanden\/","url":"https:\/\/www.ltechslovakia.com\/sv\/jobberbjudanden\/","name":"Jobberbjudanden - L.TECH Slovakia","isPartOf":{"@id":"https:\/\/www.ltechslovakia.com\/sv\/#website"},"datePublished":"2023-05-29T10:52:07+00:00","dateModified":"2026-02-24T14:42:03+00:00","breadcrumb":{"@id":"https:\/\/www.ltechslovakia.com\/sv\/jobberbjudanden\/#breadcrumb"},"inLanguage":"sv-SE","potentialAction":[{"@type":"ReadAction","target":["https:\/\/www.ltechslovakia.com\/sv\/jobberbjudanden\/"]}]},{"@type":"BreadcrumbList","@id":"https:\/\/www.ltechslovakia.com\/sv\/jobberbjudanden\/#breadcrumb","itemListElement":[{"@type":"ListItem","position":1,"name":"Home","item":"https:\/\/www.ltechslovakia.com\/sv\/"},{"@type":"ListItem","position":2,"name":"Jobberbjudanden"}]},{"@type":"WebSite","@id":"https:\/\/www.ltechslovakia.com\/sv\/#website","url":"https:\/\/www.ltechslovakia.com\/sv\/","name":"L.TECH Slovakia s.r.o.","description":"","publisher":{"@id":"https:\/\/www.ltechslovakia.com\/sv\/#organization"},"potentialAction":[{"@type":"SearchAction","target":{"@type":"EntryPoint","urlTemplate":"https:\/\/www.ltechslovakia.com\/sv\/?s={search_term_string}"},"query-input":"required name=search_term_string"}],"inLanguage":"sv-SE"},{"@type":"Organization","@id":"https:\/\/www.ltechslovakia.com\/sv\/#organization","name":"L.TECH Slovakia s.r.o.","url":"https:\/\/www.ltechslovakia.com\/sv\/","logo":{"@type":"ImageObject","inLanguage":"sv-SE","@id":"https:\/\/www.ltechslovakia.com\/sv\/#\/schema\/logo\/image\/","url":"https:\/\/www.ltechslovakia.com\/wp-content\/uploads\/2023\/07\/Screenshot-2023-07-24-at-11.19.17.jpg","contentUrl":"https:\/\/www.ltechslovakia.com\/wp-content\/uploads\/2023\/07\/Screenshot-2023-07-24-at-11.19.17.jpg","width":1038,"height":260,"caption":"L.TECH Slovakia s.r.o."},"image":{"@id":"https:\/\/www.ltechslovakia.com\/sv\/#\/schema\/logo\/image\/"},"sameAs":["https:\/\/www.facebook.com\/ltechSK\/"]}]}},"_links":{"self":[{"href":"https:\/\/www.ltechslovakia.com\/sv\/wp-json\/wp\/v2\/pages\/762","targetHints":{"allow":["GET"]}}],"collection":[{"href":"https:\/\/www.ltechslovakia.com\/sv\/wp-json\/wp\/v2\/pages"}],"about":[{"href":"https:\/\/www.ltechslovakia.com\/sv\/wp-json\/wp\/v2\/types\/page"}],"author":[{"embeddable":true,"href":"https:\/\/www.ltechslovakia.com\/sv\/wp-json\/wp\/v2\/users\/3"}],"replies":[{"embeddable":true,"href":"https:\/\/www.ltechslovakia.com\/sv\/wp-json\/wp\/v2\/comments?post=762"}],"version-history":[{"count":19,"href":"https:\/\/www.ltechslovakia.com\/sv\/wp-json\/wp\/v2\/pages\/762\/revisions"}],"predecessor-version":[{"id":2020,"href":"https:\/\/www.ltechslovakia.com\/sv\/wp-json\/wp\/v2\/pages\/762\/revisions\/2020"}],"wp:featuredmedia":[{"embeddable":true,"href":"https:\/\/www.ltechslovakia.com\/sv\/wp-json\/wp\/v2\/media\/959"}],"wp:attachment":[{"href":"https:\/\/www.ltechslovakia.com\/sv\/wp-json\/wp\/v2\/media?parent=762"}],"curies":[{"name":"wp","href":"https:\/\/api.w.org\/{rel}","templated":true}]}}